{"id":1031,"date":"2017-06-28T15:22:07","date_gmt":"2017-06-28T17:22:07","guid":{"rendered":"http:\/\/www.encontracarrao.com.br\/noticias\/?page_id=1031"},"modified":"2025-10-03T15:33:35","modified_gmt":"2025-10-03T17:33:35","slug":"sobre-o-carrao-carraozinho","status":"publish","type":"page","link":"https:\/\/www.encontracarrao.com.br\/sobre\/","title":{"rendered":"Sobre o Carr\u00e3o &#8211; Carr\u00e3ozinho"},"content":{"rendered":"<div class=\"461e69fcc6d6b0f7eb69b9e5bee8c239\" data-index=\"1\" style=\"float: none; margin:0px;\">\n<!-- Anuncio display - global -->\r\n<ins class=\"adsbygoogle\"\r\n     style=\"display:block\"\r\n     data-ad-client=\"ca-pub-8585364105181520\"\r\n     data-ad-slot=\"8789329856\"\r\n     data-ad-format=\"auto\"\r\n     data-full-width-responsive=\"true\"><\/ins>\r\n<script>\r\n     (adsbygoogle = window.adsbygoogle || []).push({});\r\n<\/script>\n<\/div>\n<p><img loading=\"lazy\" decoding=\"async\" width=\"565\" height=\"198\" class=\"alignnone size-full wp-image-1032\" style=\"width: 100%; height: auto;\" src=\"https:\/\/www.encontracarrao.com.br\/sobre\/wp-content\/uploads\/2017\/06\/bairro-carrao.jpg\" alt=\"\" srcset=\"https:\/\/www.encontracarrao.com.br\/sobre\/wp-content\/uploads\/2017\/06\/bairro-carrao.jpg 565w, https:\/\/www.encontracarrao.com.br\/sobre\/wp-content\/uploads\/2017\/06\/bairro-carrao-300x105.jpg 300w\" sizes=\"(max-width: 565px) 100vw, 565px\" \/><\/p>\n<p>O nome do <a href=\"\/\">Bairro Carr\u00e3o<\/a> foi uma homenagem a Jo\u00e3o da Silva Carr\u00e3o, o &#8220;Conselheiro&#8221; Carr\u00e3o, ex-presidente da Prov\u00edncia de S\u00e3o Paulo.<\/p>\n<p>Originou-se de um antigo s\u00edtio \u00e0 beira de uma trilha por onde iam e vinham os gentios da aldeia de Piratininga \u00e0 de Biacica ou Imbiacica (hoje o distrito de Itaim Paulista, Vila Curu\u00e7\u00e1 e parte leste de Jardim Helena), trilha essa engrossada pelos bandeirantes em busca de ouro e \u00edndios para escravizar. Essas terras de acordo com alguns historiadores faziam parte da indefinida Sesmaria de Jo\u00e3o Ramalho, que ao longo dos anos passou pelas m\u00e3os de muitos propriet\u00e1rios e recebeu nomes como Tucuri, <a href=\"http:\/\/www.encontrabomretiro.com.br\/\" target=\"_blank\" rel=\"noopener noreferrer\">Bom Retiro<\/a> e Ch\u00e1cara Carr\u00e3o, aos poucos do vasto s\u00edtio Tucuri, Bom Retiro ou Ch\u00e1cara Carr\u00e3o surgiram os bairros: Vila Carr\u00e3o, Vila Nova Manchester, Vila Santa Isabel e Jardim T\u00eaxtil, e o cen\u00e1rio agr\u00edcola foi dando lugar ao progresso.<\/p>\n<p>A \u00e1rea do distrito, originalmente, fazia parte do distrito do Tatuap\u00e9 como tamb\u00e9m os atuais distritos do Aricanduva e Vila Formosa, que foram se emancipando gradualmente por decretos da prefeitura. Os atuais limites do distrito foram estabelecidos em 1990 pela prefeita Lu\u00edza Erundina. Curiosamente, isso fez que o distrito de <a href=\"\/\">Carr\u00e3o<\/a> perdesse a esta\u00e7\u00e3o de metr\u00f4, j\u00e1 que com essa nova divis\u00e3o, a esta\u00e7\u00e3o supracitada ficou a poucos metros da divisa com o distrito do Carr\u00e3o, em territ\u00f3rio do Tatuap\u00e9, de acordo com os mapas oficiais da Prefeitura de S\u00e3o Paulo.<\/p>\n<p>Atualmente o Carr\u00e3o vive um processo de grande expans\u00e3o imobili\u00e1ria, com frequentes lan\u00e7amentos de novos edif\u00edcios residenciais de alto padr\u00e3o, e de alguns not\u00e1veis conjuntos comerciais. Por causa disso, o tr\u00e2nsito no distrito est\u00e1 cada vez mais ca\u00f3tico; um levantamento feito em 2012 mostrou que a Avenida Conselheiro Carr\u00e3o e, consequentemente a Avenida Radial Leste, principais vias do distrito que levam ao centro de SP e ao <a href=\"http:\/\/www.mercadomunicipalsp.com\/\" target=\"_blank\" rel=\"noopener noreferrer\">Mercado Municipal SP<\/a>, estava entre as 10 vias mais congestionadas da cidade.<\/p>\n<p>A regi\u00e3o tamb\u00e9m est\u00e1 pr\u00f3xima do <a href=\"http:\/\/www.ltaquerao.com\/\" target=\"_blank\" rel=\"noopener noreferrer\">est\u00e1dio do corinthians<\/a>, em Itaquera.<\/p>\n<p>Para homenagear a comunidade de moradores deste maravilho bairro, o <a href=\"https:\/\/www.encontrasaopaulo.com.br\/\" target=\"_blank\" rel=\"noopener noreferrer\">Encontra S\u00e3o Paulo<\/a> criou o <a href=\"http:\/\/www.encontracarrao.com.br\">Encontra Carr\u00e3o<\/a>.<\/p>\n<p><em>Fonte: Wikipedia<\/em><\/p>\n<h2>Limites &#8211; Bairros Vizinhos &#8211; <a href=\"http:\/\/www.zonalestedesp.com.br\/\" target=\"_blank\" rel=\"noopener noreferrer\">Zona Leste<\/a><\/h2>\n<p><a title=\"Aricanduva\" href=\"http:\/\/www.encontraaricanduva.com.br\/\" target=\"_blank\" rel=\"noopener noreferrer\">Aricanduva<\/a>, <a title=\"Penha\" href=\"http:\/\/www.encontrapenha.com.br\/\" target=\"_blank\" rel=\"noopener noreferrer\">Penha<\/a>, <a title=\"Tatuap\u00e9\" href=\"http:\/\/www.encontratatuape.com.br\/\" target=\"_blank\" rel=\"noopener noreferrer\">Tatuap\u00e9<\/a>, Vila Gomes Cardim, Jardim T\u00eaxtil, Vila Dalila, <a title=\"Vila Formosa\" href=\"http:\/\/www.encontravilaformosa.com.br\/\" target=\"_blank\" rel=\"noopener noreferrer\">Vila Formosa<\/a> e <a title=\"Vila Matilde\" href=\"http:\/\/www.encontrasp.com.br\/vila-matilde\" target=\"_blank\" rel=\"noopener noreferrer\">Vila Matilde<\/a>, <a title=\"Jardim An\u00e1lia Franco\" href=\"http:\/\/www.encontrajardimanaliafranco.com.br\/\" target=\"_blank\" rel=\"noopener noreferrer\">Jardim An\u00e1lia Franco<\/a>, <a title=\"Bel\u00e9m\" href=\"http:\/\/www.encontrabelenzinho.com.br\/\" target=\"_blank\" rel=\"noopener noreferrer\">Bel\u00e9m<\/a>, <a title=\"\u00c1gua Rasa\" href=\"http:\/\/www.encontrasp.com.br\/agua-rasa\" target=\"_blank\" rel=\"noopener noreferrer\">\u00c1gua Rasa<\/a>, <a title=\"Vila Maria\" href=\"http:\/\/www.encontravilamaria.com.br\/\" target=\"_blank\" rel=\"noopener noreferrer\">Vila Maria, <\/a><a title=\"Penha\" href=\"http:\/\/www.encontrapenha.com.br\/\" target=\"_blank\" rel=\"noopener noreferrer\">Penha<\/a>, <a title=\"Carr\u00e3o\" href=\"http:\/\/www.encontracarrao.com.br\/\" target=\"_blank\" rel=\"noopener noreferrer\">Carr\u00e3o e <\/a><a title=\"Vila Formosa\" href=\"http:\/\/www.encontravilaformosa.com.br\/\" target=\"_blank\" rel=\"noopener noreferrer\">Vila Formosa<\/a><\/p>\n<h3>Dados Principais sobre o Carr\u00e3o<\/h3>\n<p><strong>Popula\u00e7\u00e3o<\/strong> 71.363 hab. (2000)<br \/>\n<strong>Renda m\u00e9dia<\/strong> R$ 1.442,70<br \/>\n<strong>IDH<\/strong> 0,886 &#8211; elevado<br \/>\n<strong>Subprefeitura<\/strong> Aricanduva<br \/>\n<strong>Regi\u00e3o Administrativa<\/strong> Sudeste<br \/>\n<strong>\u00c1rea Geogr\u00e1fica<\/strong> 4<\/p>\n<h2>Moradores ilustres do Carr\u00e3o<\/h2>\n<p><iframe loading=\"lazy\" style=\"border: none; overflow: hidden; width: 100%; height: 252px;\" src=\"https:\/\/www.facebook.com\/plugins\/likebox.php?href=http%3A%2F%2Fwww.facebook.com%2Fpages\/Carr\u00e3o\/139804782741843&amp;width=520&amp;colorscheme=light&amp;show_faces=true&amp;stream=false&amp;header=false&amp;height=252\" width=\"300\" height=\"150\" frameborder=\"0\" scrolling=\"No\"><\/iframe><\/p>\n\n<div style=\"font-size: 0px; height: 0px; line-height: 0px; margin: 0; padding: 0; clear: both;\"><\/div>","protected":false},"excerpt":{"rendered":"<p>O nome do Bairro Carr\u00e3o foi uma homenagem a Jo\u00e3o da Silva Carr\u00e3o, o &#8220;Conselheiro&#8221; Carr\u00e3o, ex-presidente da Prov\u00edncia de S\u00e3o Paulo. Originou-se de um antigo s\u00edtio \u00e0 beira de uma trilha por onde iam e vinham os gentios da aldeia de Piratininga \u00e0 de Biacica ou Imbiacica (hoje o distrito de Itaim Paulista, Vila Curu\u00e7\u00e1 e parte leste de Jardim Helena), trilha essa engrossada pelos bandeirantes em busca de ouro e \u00edndios para escravizar. Essas terras de acordo com alguns historiadores faziam parte da indefinida Sesmaria de Jo\u00e3o Ramalho, que ao longo dos anos passou pelas m\u00e3os de muitos <\/p>\n","protected":false},"author":1,"featured_media":0,"parent":0,"menu_order":0,"comment_status":"closed","ping_status":"closed","template":"","meta":{"footnotes":""},"class_list":["post-1031","page","type-page","status-publish","hentry"],"aioseo_notices":[],"_links":{"self":[{"href":"https:\/\/www.encontracarrao.com.br\/sobre\/wp-json\/wp\/v2\/pages\/1031"}],"collection":[{"href":"https:\/\/www.encontracarrao.com.br\/sobre\/wp-json\/wp\/v2\/pages"}],"about":[{"href":"https:\/\/www.encontracarrao.com.br\/sobre\/wp-json\/wp\/v2\/types\/page"}],"author":[{"embeddable":true,"href":"https:\/\/www.encontracarrao.com.br\/sobre\/wp-json\/wp\/v2\/users\/1"}],"replies":[{"embeddable":true,"href":"https:\/\/www.encontracarrao.com.br\/sobre\/wp-json\/wp\/v2\/comments?post=1031"}],"version-history":[{"count":0,"href":"https:\/\/www.encontracarrao.com.br\/sobre\/wp-json\/wp\/v2\/pages\/1031\/revisions"}],"wp:attachment":[{"href":"https:\/\/www.encontracarrao.com.br\/sobre\/wp-json\/wp\/v2\/media?parent=1031"}],"curies":[{"name":"wp","href":"https:\/\/api.w.org\/{rel}","templated":true}]}}